{"id":3389,"date":"2020-03-04T16:24:49","date_gmt":"2020-03-04T15:24:49","guid":{"rendered":"https:\/\/poznik.si\/izdelek\/poznik-srebrni-obesek-s-safirjem\/"},"modified":"2025-01-19T15:19:44","modified_gmt":"2025-01-19T14:19:44","slug":"poznik-srebrni-obesek-s-safirjem","status":"publish","type":"product","link":"https:\/\/poznik.si\/hr\/izdelek\/poznik-srebrni-obesek-s-safirjem\/","title":{"rendered":"Privjesak od srebra za mu\u0161karce sa safirom"},"content":{"rendered":"<div class=\"product-description\">\n<h4>Privjesak je va\u017eno sredstvo u \u017eivotu suvremenog \u010dovjeka, jer okoli\u0161 u kojem \u017eivimo postaje sve zaga\u0111eniji.<\/h4>\n<p>To se doga\u0111a i na kemijskoj i na energetsko-informacijskoj razini. Moderna znanstvena istra\u017eivanja pokazuju da je suvremeno energetsko-informacijsko zaga\u0111enje jo\u0161 \u010de\u0161\u0107e i opasnije od kemijskog one\u010di\u0161\u0107enja, koje se mo\u017ee regulirati i regulirati propisima, dok dru\u0161tvo-dr\u017eava nema formalne mehanizme za\u0161tite stanovni\u0161tva od energetsko-informacijskog one\u010di\u0161\u0107enja.<\/p>\n<p><strong>\u010covjek najvi\u0161e zaga\u0111uje energetsko informacijsko okru\u017eenje;<\/strong> ona tako\u0111er emitira razne negativne utjecaje iz svoje okoline i iz njih ih neutralizira i pretvara u pozitivne.<\/p>\n<p>Srebrni privjesak Poznik objedinjuje sva iskustva i rezultate dugogodi\u0161njeg istra\u017eivanja. Privjesak je izra\u0111en od visokokvalitetnog srebra u Zlatarni Celje, gdje se ugraviraju i posebno izra\u010dunati kodovi koji su nositelji informacija.<\/p>\n<p>Obiteljski oblik magi\u010dnog \u017eivota va\u017ean je medij informacija.<\/p>\n<p>Sve utje\u010de na razinu energije onoga koji nosi privjesak oko vrata, dr\u017ei ga u ruci ili ga ima u blizini.<\/p>\n<p>Privjesak pove\u0107ava utjecaj na ljudsko biopolje (AURO), \u0161titi od negativnih utjecaja okoli\u0161a (geopatske zone, elektromagnetsko zra\u010denje, kozmi\u010dko zra\u010denje), uklanja energetske blokade, otvara izlazne kanale, utje\u010de na funkcioniranje \u010dakri, poti\u010de intuiciju, pro\u0161iruje duhovni i mentalni horizont. Uz pozitivne promjene, ima u\u010dinak pobolj\u0161anja blagostanja i pove\u0107anja poslovne uspje\u0161nosti. Poma\u017ee vam prevladati stresne situacije i donositi pravi izbor. Poma\u017ee nam da budemo sakupljeni i odlu\u010dni. Lak\u0161e je usmjeriti svoje misli i biti uspje\u0161niji u poslu. Pobolj\u0161ani su samopouzdanje i odnosi s okolinom.<\/p>\n<p>Informiranje proizvoda metodom informacijskih tehnologija Poznik (TP) obja\u0161njava i dr. Fizike Jurij Yatski &#8220;sve nosi odre\u0111enu vibraciju&#8221;. Vibracije se mogu snimiti i prenijeti na drugi objekt. Tehnologija koja to omogu\u0107uje razvijena je u pro\u0161lom stolje\u0107u &#8211; govorimo o pona\u0161anju Wilhelma Reicha koji je definirao svojstva i korisne aspekte orgonske energije. Ova tehnologija nema gotovo nikakvih ograni\u010denja, jer omogu\u0107ava prijenos misli i \u017eelja, kao i funkcioniranje lijekova.<\/p>\n<p>Poznik Vili razvio je jedinstven pristup za hvatanje odre\u0111enih podataka, zadr\u017eavanje podataka, prijenos podataka i tako\u0111er nadogradnju upotrebe orgonskih topova. Sve je to znanje i znanje spojio u tehnologiji Poznik.<\/p>\n<p>Moglo bi se pojednostaviti ako ka\u017eemo da su prenesene na privjesak &#8211; sveobuhvatne informacije koje imaju pozitivan u\u010dinak na ljude.<\/p>\n<p>Govorimo o 10 000 razli\u010ditih informacija. Iz skupa podataka prema namjeni proizvoda odabire se odgovaraju\u0107a informacija koja se &#8216;ugra\u0111uje-prenosi&#8217; u proizvod pomo\u0107u kodova, zapisa, formata i org.<\/p>\n<p>Privjesci koji se tretiraju ovako imaju izuzetna obilje\u017eja u korist onoga koji ih koristi.<\/p>\n<p>Privjesak koji ima ugra\u0111eni dijamant namijenjen \u017eenama nositelj je dodatnih informacija koje pozitivno utje\u010du na rodni odnos, pa \u017eene koje nose privjesak s ugra\u0111enim dijamantom imaju potencijal pobolj\u0161ati komunikaciju i odnose s mu\u0161kim spolom.<\/p>\n<p>Privjesak s ugra\u0111enim safirom za mu\u0161karce nositelj je dodatnih informacija koje pozitivno utje\u010du na rodni odnos, pa mu\u0161karci koji nose privjesak s ugra\u0111enim safirom imaju potencijal pozitivnog pobolj\u0161anja komunikacije i odnosa sa \u017eenama.<\/p>\n<p>Privjesak djeluje maksimalno kada se nosi oko vrata u visini pleksusa ili na lijevoj strani tijela &#8211; to jest u lijevom d\u017eepu. U slu\u010daju nelagode, stavite ga u desni d\u017eep ili odlo\u017eite.<\/p>\n<p>Privjesak je proizvod koji mo\u017eete koristiti cijeli \u017eivot &#8230;<\/p>\n<p>Va\u0161 je na\u010din razmi\u0161ljanja tako\u0111er va\u017ean pri odlu\u010divanju o kupnji informiranog privjeska, jer kada znamo potrebe, lak\u0161e je postaviti ciljeve.<\/p>\n<p>Privjesak \u0107e vam zasigurno pobolj\u0161ati \u017eivot kao estetski pribor, a tako\u0111er i kao u\u010dinkovit transformator energije.<\/p>\n<p>Privjesak je va\u0161 novi suputnik u \u017eivotu i dopustite mu da svakodnevno sudjeluje u \u010dudu.<\/p>\n<p>Jedinice u kutiji: 1<\/p>\n<\/div>\n","protected":false},"excerpt":{"rendered":"<p>Privjesak je va\u017eno sredstvo u \u017eivotu suvremenog \u010dovjeka, jer okoli\u0161 u kojem \u017eivimo postaje sve zaga\u0111eniji. To se doga\u0111a i na kemijskoj i na energetsko-informacijskoj razini. Moderna znanstvena istra\u017eivanja pokazuju da je suvremeno energetsko-informacijsko zaga\u0111enje jo\u0161 \u010de\u0161\u0107e i opasnije od kemijskog one\u010di\u0161\u0107enja, koje se mo\u017ee regulirati i regulirati propisima, dok dru\u0161tvo-dr\u017eava nema formalne mehanizme za\u0161tite [&hellip;]<\/p>\n","protected":false},"featured_media":3390,"comment_status":"open","ping_status":"closed","template":"","meta":{"ocean_post_layout":"","ocean_both_sidebars_style":"","ocean_both_sidebars_content_width":0,"ocean_both_sidebars_sidebars_width":0,"ocean_sidebar":"0","ocean_second_sidebar":"0","ocean_disable_margins":"enable","ocean_add_body_class":"","ocean_shortcode_before_top_bar":"","ocean_shortcode_after_top_bar":"","ocean_shortcode_before_header":"","ocean_shortcode_after_header":"","ocean_has_shortcode":"","ocean_shortcode_after_title":"","ocean_shortcode_before_footer_widgets":"","ocean_shortcode_after_footer_widgets":"","ocean_shortcode_before_footer_bottom":"","ocean_shortcode_after_footer_bottom":"","ocean_display_top_bar":"default","ocean_display_header":"default","ocean_header_style":"","ocean_center_header_left_menu":"0","ocean_custom_header_template":"0","ocean_custom_logo":0,"ocean_custom_retina_logo":0,"ocean_custom_logo_max_width":0,"ocean_custom_logo_tablet_max_width":0,"ocean_custom_logo_mobile_max_width":0,"ocean_custom_logo_max_height":0,"ocean_custom_logo_tablet_max_height":0,"ocean_custom_logo_mobile_max_height":0,"ocean_header_custom_menu":"0","ocean_menu_typo_font_family":"0","ocean_menu_typo_font_subset":"","ocean_menu_typo_font_size":0,"ocean_menu_typo_font_size_tablet":0,"ocean_menu_typo_font_size_mobile":0,"ocean_menu_typo_font_size_unit":"px","ocean_menu_typo_font_weight":"","ocean_menu_typo_font_weight_tablet":"","ocean_menu_typo_font_weight_mobile":"","ocean_menu_typo_transform":"","ocean_menu_typo_transform_tablet":"","ocean_menu_typo_transform_mobile":"","ocean_menu_typo_line_height":0,"ocean_menu_typo_line_height_tablet":0,"ocean_menu_typo_line_height_mobile":0,"ocean_menu_typo_line_height_unit":"","ocean_menu_typo_spacing":0,"ocean_menu_typo_spacing_tablet":0,"ocean_menu_typo_spacing_mobile":0,"ocean_menu_typo_spacing_unit":"","ocean_menu_link_color":"","ocean_menu_link_color_hover":"","ocean_menu_link_color_active":"","ocean_menu_link_background":"","ocean_menu_link_hover_background":"","ocean_menu_link_active_background":"","ocean_menu_social_links_bg":"","ocean_menu_social_hover_links_bg":"","ocean_menu_social_links_color":"","ocean_menu_social_hover_links_color":"","ocean_disable_title":"default","ocean_disable_heading":"default","ocean_post_title":"","ocean_post_subheading":"","ocean_post_title_style":"","ocean_post_title_background_color":"","ocean_post_title_background":0,"ocean_post_title_bg_image_position":"","ocean_post_title_bg_image_attachment":"","ocean_post_title_bg_image_repeat":"","ocean_post_title_bg_image_size":"","ocean_post_title_height":0,"ocean_post_title_bg_overlay":0.5,"ocean_post_title_bg_overlay_color":"","ocean_disable_breadcrumbs":"default","ocean_breadcrumbs_color":"","ocean_breadcrumbs_separator_color":"","ocean_breadcrumbs_links_color":"","ocean_breadcrumbs_links_hover_color":"","ocean_display_footer_widgets":"default","ocean_display_footer_bottom":"default","ocean_custom_footer_template":"0"},"product_cat":[65],"product_tag":[],"yoast_head":"<!-- This site is optimized with the Yoast SEO plugin v17.8 - https:\/\/yoast.com\/wordpress\/plugins\/seo\/ -->\n<title>Privjesak od srebra za mu\u0161karce sa safirom | Poznik<\/title>\n<meta name=\"description\" content=\"Privjesak je va\u017eno sredstvo u \u017eivotu suvremenog \u010dovjeka, jer okoli\u0161 u kojem \u017eivimo postaje sve zaga\u0111eniji. To se doga\u0111a i na kemijskoj i na\" \/>\n<meta name=\"robots\" content=\"index, follow, max-snippet:-1, max-image-preview:large, max-video-preview:-1\" \/>\n<link rel=\"canonical\" href=\"https:\/\/poznik.si\/hr\/izdelek\/poznik-srebrni-obesek-s-safirjem\/\" \/>\n<meta property=\"og:locale\" content=\"hr_HR\" \/>\n<meta property=\"og:type\" content=\"article\" \/>\n<meta property=\"og:title\" content=\"Privjesak od srebra za mu\u0161karce sa safirom | Poznik\" \/>\n<meta property=\"og:description\" content=\"Privjesak je va\u017eno sredstvo u \u017eivotu suvremenog \u010dovjeka, jer okoli\u0161 u kojem \u017eivimo postaje sve zaga\u0111eniji. To se doga\u0111a i na kemijskoj i na\" \/>\n<meta property=\"og:url\" content=\"https:\/\/poznik.si\/hr\/izdelek\/poznik-srebrni-obesek-s-safirjem\/\" \/>\n<meta property=\"og:site_name\" content=\"Poznik\" \/>\n<meta property=\"article:publisher\" content=\"https:\/\/www.facebook.com\/PoznikTP\" \/>\n<meta property=\"article:modified_time\" content=\"2025-01-19T14:19:44+00:00\" \/>\n<meta property=\"og:image\" content=\"https:\/\/poznik.si\/wp-content\/uploads\/2020\/03\/informirani-srebrni-energetski-obesek-safir-012.jpg\" \/>\n\t<meta property=\"og:image:width\" content=\"1280\" \/>\n\t<meta property=\"og:image:height\" content=\"1280\" \/>\n<meta name=\"twitter:card\" content=\"summary_large_image\" \/>\n<meta name=\"twitter:label1\" content=\"Procijenjeno vrijeme \u010ditanja\" \/>\n\t<meta name=\"twitter:data1\" content=\"3 minute\" \/>\n<script type=\"application\/ld+json\" class=\"yoast-schema-graph\">{\"@context\":\"https:\/\/schema.org\",\"@graph\":[{\"@type\":\"Organization\",\"@id\":\"https:\/\/poznik.si\/hr\/#organization\",\"name\":\"Poznik d.o.o.\",\"url\":\"https:\/\/poznik.si\/hr\/\",\"sameAs\":[\"https:\/\/www.facebook.com\/PoznikTP\",\"https:\/\/www.youtube.com\/channel\/UCZnsN3OD_8ntc979vRW2myw\"],\"logo\":{\"@type\":\"ImageObject\",\"@id\":\"https:\/\/poznik.si\/hr\/#logo\",\"inLanguage\":\"hr\",\"url\":\"https:\/\/poznik.si\/wp-content\/uploads\/2020\/02\/84680935_692215704649514_8500217041628692480_n.png\",\"contentUrl\":\"https:\/\/poznik.si\/wp-content\/uploads\/2020\/02\/84680935_692215704649514_8500217041628692480_n.png\",\"width\":512,\"height\":512,\"caption\":\"Poznik d.o.o.\"},\"image\":{\"@id\":\"https:\/\/poznik.si\/hr\/#logo\"}},{\"@type\":\"WebSite\",\"@id\":\"https:\/\/poznik.si\/hr\/#website\",\"url\":\"https:\/\/poznik.si\/hr\/\",\"name\":\"Poznik\",\"description\":\"Proizvodi za zdravje in dobro po\\u010dutje\",\"publisher\":{\"@id\":\"https:\/\/poznik.si\/hr\/#organization\"},\"potentialAction\":[{\"@type\":\"SearchAction\",\"target\":{\"@type\":\"EntryPoint\",\"urlTemplate\":\"https:\/\/poznik.si\/hr\/?s={search_term_string}\"},\"query-input\":\"required name=search_term_string\"}],\"inLanguage\":\"hr\"},{\"@type\":\"ImageObject\",\"@id\":\"https:\/\/poznik.si\/hr\/izdelek\/poznik-srebrni-obesek-s-safirjem\/#primaryimage\",\"inLanguage\":\"hr\",\"url\":\"https:\/\/poznik.si\/wp-content\/uploads\/2020\/03\/informirani-srebrni-energetski-obesek-safir-012.jpg\",\"contentUrl\":\"https:\/\/poznik.si\/wp-content\/uploads\/2020\/03\/informirani-srebrni-energetski-obesek-safir-012.jpg\",\"width\":1280,\"height\":1280,\"caption\":\"Tehnologije poznik\"},{\"@type\":\"WebPage\",\"@id\":\"https:\/\/poznik.si\/hr\/izdelek\/poznik-srebrni-obesek-s-safirjem\/#webpage\",\"url\":\"https:\/\/poznik.si\/hr\/izdelek\/poznik-srebrni-obesek-s-safirjem\/\",\"name\":\"Privjesak od srebra za mu\\u0161karce sa safirom | Poznik\",\"isPartOf\":{\"@id\":\"https:\/\/poznik.si\/hr\/#website\"},\"primaryImageOfPage\":{\"@id\":\"https:\/\/poznik.si\/hr\/izdelek\/poznik-srebrni-obesek-s-safirjem\/#primaryimage\"},\"datePublished\":\"2020-03-04T15:24:49+00:00\",\"dateModified\":\"2025-01-19T14:19:44+00:00\",\"description\":\"Privjesak je va\\u017eno sredstvo u \\u017eivotu suvremenog \\u010dovjeka, jer okoli\\u0161 u kojem \\u017eivimo postaje sve zaga\\u0111eniji. To se doga\\u0111a i na kemijskoj i na\",\"breadcrumb\":{\"@id\":\"https:\/\/poznik.si\/hr\/izdelek\/poznik-srebrni-obesek-s-safirjem\/#breadcrumb\"},\"inLanguage\":\"hr\",\"potentialAction\":[{\"@type\":\"ReadAction\",\"target\":[\"https:\/\/poznik.si\/hr\/izdelek\/poznik-srebrni-obesek-s-safirjem\/\"]}]},{\"@type\":\"BreadcrumbList\",\"@id\":\"https:\/\/poznik.si\/hr\/izdelek\/poznik-srebrni-obesek-s-safirjem\/#breadcrumb\",\"itemListElement\":[{\"@type\":\"ListItem\",\"position\":1,\"name\":\"Home\",\"item\":\"https:\/\/poznik.si\/hr\/\"},{\"@type\":\"ListItem\",\"position\":2,\"name\":\"Trgovina\",\"item\":\"https:\/\/poznik.si\/trgovina\/\"},{\"@type\":\"ListItem\",\"position\":3,\"name\":\"Privjesak od srebra za mu\\u0161karce sa safirom\"}]}]}<\/script>\n<!-- \/ Yoast SEO plugin. -->","yoast_head_json":{"title":"Privjesak od srebra za mu\u0161karce sa safirom | Poznik","description":"Privjesak je va\u017eno sredstvo u \u017eivotu suvremenog \u010dovjeka, jer okoli\u0161 u kojem \u017eivimo postaje sve zaga\u0111eniji. To se doga\u0111a i na kemijskoj i na","robots":{"index":"index","follow":"follow","max-snippet":"max-snippet:-1","max-image-preview":"max-image-preview:large","max-video-preview":"max-video-preview:-1"},"canonical":"https:\/\/poznik.si\/hr\/izdelek\/poznik-srebrni-obesek-s-safirjem\/","og_locale":"hr_HR","og_type":"article","og_title":"Privjesak od srebra za mu\u0161karce sa safirom | Poznik","og_description":"Privjesak je va\u017eno sredstvo u \u017eivotu suvremenog \u010dovjeka, jer okoli\u0161 u kojem \u017eivimo postaje sve zaga\u0111eniji. To se doga\u0111a i na kemijskoj i na","og_url":"https:\/\/poznik.si\/hr\/izdelek\/poznik-srebrni-obesek-s-safirjem\/","og_site_name":"Poznik","article_publisher":"https:\/\/www.facebook.com\/PoznikTP","article_modified_time":"2025-01-19T14:19:44+00:00","og_image":[{"width":1280,"height":1280,"url":"https:\/\/poznik.si\/wp-content\/uploads\/2020\/03\/informirani-srebrni-energetski-obesek-safir-012.jpg","type":"image\/jpeg"}],"twitter_card":"summary_large_image","twitter_misc":{"Procijenjeno vrijeme \u010ditanja":"3 minute"},"schema":{"@context":"https:\/\/schema.org","@graph":[{"@type":"Organization","@id":"https:\/\/poznik.si\/hr\/#organization","name":"Poznik d.o.o.","url":"https:\/\/poznik.si\/hr\/","sameAs":["https:\/\/www.facebook.com\/PoznikTP","https:\/\/www.youtube.com\/channel\/UCZnsN3OD_8ntc979vRW2myw"],"logo":{"@type":"ImageObject","@id":"https:\/\/poznik.si\/hr\/#logo","inLanguage":"hr","url":"https:\/\/poznik.si\/wp-content\/uploads\/2020\/02\/84680935_692215704649514_8500217041628692480_n.png","contentUrl":"https:\/\/poznik.si\/wp-content\/uploads\/2020\/02\/84680935_692215704649514_8500217041628692480_n.png","width":512,"height":512,"caption":"Poznik d.o.o."},"image":{"@id":"https:\/\/poznik.si\/hr\/#logo"}},{"@type":"WebSite","@id":"https:\/\/poznik.si\/hr\/#website","url":"https:\/\/poznik.si\/hr\/","name":"Poznik","description":"Proizvodi za zdravje in dobro po\u010dutje","publisher":{"@id":"https:\/\/poznik.si\/hr\/#organization"},"potentialAction":[{"@type":"SearchAction","target":{"@type":"EntryPoint","urlTemplate":"https:\/\/poznik.si\/hr\/?s={search_term_string}"},"query-input":"required name=search_term_string"}],"inLanguage":"hr"},{"@type":"ImageObject","@id":"https:\/\/poznik.si\/hr\/izdelek\/poznik-srebrni-obesek-s-safirjem\/#primaryimage","inLanguage":"hr","url":"https:\/\/poznik.si\/wp-content\/uploads\/2020\/03\/informirani-srebrni-energetski-obesek-safir-012.jpg","contentUrl":"https:\/\/poznik.si\/wp-content\/uploads\/2020\/03\/informirani-srebrni-energetski-obesek-safir-012.jpg","width":1280,"height":1280,"caption":"Tehnologije poznik"},{"@type":"WebPage","@id":"https:\/\/poznik.si\/hr\/izdelek\/poznik-srebrni-obesek-s-safirjem\/#webpage","url":"https:\/\/poznik.si\/hr\/izdelek\/poznik-srebrni-obesek-s-safirjem\/","name":"Privjesak od srebra za mu\u0161karce sa safirom | Poznik","isPartOf":{"@id":"https:\/\/poznik.si\/hr\/#website"},"primaryImageOfPage":{"@id":"https:\/\/poznik.si\/hr\/izdelek\/poznik-srebrni-obesek-s-safirjem\/#primaryimage"},"datePublished":"2020-03-04T15:24:49+00:00","dateModified":"2025-01-19T14:19:44+00:00","description":"Privjesak je va\u017eno sredstvo u \u017eivotu suvremenog \u010dovjeka, jer okoli\u0161 u kojem \u017eivimo postaje sve zaga\u0111eniji. To se doga\u0111a i na kemijskoj i na","breadcrumb":{"@id":"https:\/\/poznik.si\/hr\/izdelek\/poznik-srebrni-obesek-s-safirjem\/#breadcrumb"},"inLanguage":"hr","potentialAction":[{"@type":"ReadAction","target":["https:\/\/poznik.si\/hr\/izdelek\/poznik-srebrni-obesek-s-safirjem\/"]}]},{"@type":"BreadcrumbList","@id":"https:\/\/poznik.si\/hr\/izdelek\/poznik-srebrni-obesek-s-safirjem\/#breadcrumb","itemListElement":[{"@type":"ListItem","position":1,"name":"Home","item":"https:\/\/poznik.si\/hr\/"},{"@type":"ListItem","position":2,"name":"Trgovina","item":"https:\/\/poznik.si\/trgovina\/"},{"@type":"ListItem","position":3,"name":"Privjesak od srebra za mu\u0161karce sa safirom"}]}]}},"_links":{"self":[{"href":"https:\/\/poznik.si\/hr\/wp-json\/wp\/v2\/product\/3389"}],"collection":[{"href":"https:\/\/poznik.si\/hr\/wp-json\/wp\/v2\/product"}],"about":[{"href":"https:\/\/poznik.si\/hr\/wp-json\/wp\/v2\/types\/product"}],"replies":[{"embeddable":true,"href":"https:\/\/poznik.si\/hr\/wp-json\/wp\/v2\/comments?post=3389"}],"version-history":[{"count":2,"href":"https:\/\/poznik.si\/hr\/wp-json\/wp\/v2\/product\/3389\/revisions"}],"predecessor-version":[{"id":3392,"href":"https:\/\/poznik.si\/hr\/wp-json\/wp\/v2\/product\/3389\/revisions\/3392"}],"wp:featuredmedia":[{"embeddable":true,"href":"https:\/\/poznik.si\/hr\/wp-json\/wp\/v2\/media\/3390"}],"wp:attachment":[{"href":"https:\/\/poznik.si\/hr\/wp-json\/wp\/v2\/media?parent=3389"}],"wp:term":[{"taxonomy":"product_cat","embeddable":true,"href":"https:\/\/poznik.si\/hr\/wp-json\/wp\/v2\/product_cat?post=3389"},{"taxonomy":"product_tag","embeddable":true,"href":"https:\/\/poznik.si\/hr\/wp-json\/wp\/v2\/product_tag?post=3389"}],"curies":[{"name":"wp","href":"https:\/\/api.w.org\/{rel}","templated":true}]}}